{"id":39481,"date":"2024-04-09T14:32:30","date_gmt":"2024-04-09T14:32:30","guid":{"rendered":"https:\/\/buscandounacuerdo.com\/co\/?page_id=39481"},"modified":"2024-06-26T05:41:07","modified_gmt":"2024-06-26T05:41:07","slug":"antonio-narino","status":"publish","type":"page","link":"https:\/\/buscandounacuerdo.com\/co\/prepagos\/bogota\/antonio-nari%C3%B1o\/","title":{"rendered":"Antonio Nari\u00f1o"},"content":{"rendered":"\t\t<div data-elementor-type=\"wp-page\" data-elementor-id=\"39481\" class=\"elementor elementor-39481\">\n\t\t\t\t<div class=\"elementor-element elementor-element-4611a5b6 e-flex e-con-boxed e-con e-parent\" data-id=\"4611a5b6\" data-element_type=\"container\" data-e-type=\"container\">\n\t\t\t\t\t<div class=\"e-con-inner\">\n\t\t<div class=\"elementor-element elementor-element-7bb79d6b e-con-full e-flex e-con e-child\" data-id=\"7bb79d6b\" data-element_type=\"container\" data-e-type=\"container\">\n\t\t\t\t<div class=\"elementor-element elementor-element-57088702 elementor-widget elementor-widget-html\" data-id=\"57088702\" data-element_type=\"widget\" data-e-type=\"widget\" data-widget_type=\"html.default\">\n\t\t\t\t<div class=\"elementor-widget-container\">\n\t\t\t\t\t<div class=\"asl_w_container asl_w_container_1\" data-id=\"1\" data-instance=\"1\">\n\t<div id='ajaxsearchlite1'\n\t\tdata-id=\"1\"\n\t\tdata-instance=\"1\"\n\t\tclass=\"asl_w asl_m asl_m_1 asl_m_1_1\">\n\t\t<div class=\"probox\">\n\n\t\n\t<div class='prosettings' style='display:none;' data-opened=0>\n\t\t\t\t<div class='innericon'>\n\t\t\t<svg version=\"1.1\" xmlns=\"http:\/\/www.w3.org\/2000\/svg\" xmlns:xlink=\"http:\/\/www.w3.org\/1999\/xlink\" x=\"0px\" y=\"0px\" width=\"22\" height=\"22\" viewBox=\"0 0 512 512\" enable-background=\"new 0 0 512 512\" xml:space=\"preserve\">\n\t\t\t\t\t<polygon transform = \"rotate(90 256 256)\" points=\"142.332,104.886 197.48,50 402.5,256 197.48,462 142.332,407.113 292.727,256 \"\/>\n\t\t\t\t<\/svg>\n\t\t<\/div>\n\t<\/div>\n\n\t\n\t\n\t<div class='proinput'>\n\t\t<form role=\"search\" action='#' autocomplete=\"off\"\n\t\t\t\taria-label=\"Search form\">\n\t\t\t<input aria-label=\"Search input\"\n\t\t\t\t\ttype='search' class='orig'\n\t\t\t\t\ttabindex=\"0\"\n\t\t\t\t\tname='phrase'\n\t\t\t\t\tplaceholder='\u00bf D\u00f3nde estas ? Busca tu Ciudad'\n\t\t\t\t\tvalue=''\n\t\t\t\t\tautocomplete=\"off\"\/>\n\t\t\t<input aria-label=\"Search autocomplete\"\n\t\t\t\t\ttype='text'\n\t\t\t\t\tclass='autocomplete'\n\t\t\t\t\ttabindex=\"-1\"\n\t\t\t\t\tname='phrase'\n\t\t\t\t\tvalue=''\n\t\t\t\t\tautocomplete=\"off\" disabled\/>\n\t\t\t<input type='submit' value=\"Start search\" style='width:0; height: 0; visibility: hidden;'>\n\t\t<\/form>\n\t<\/div>\n\n\t\n\t\n\t<button class='promagnifier' tabindex=\"0\" aria-label=\"Search magnifier\">\n\t\t\t\t<span class='innericon' style=\"display:block;\">\n\t\t\t<svg version=\"1.1\" xmlns=\"http:\/\/www.w3.org\/2000\/svg\" xmlns:xlink=\"http:\/\/www.w3.org\/1999\/xlink\" x=\"0px\" y=\"0px\" width=\"22\" height=\"22\" viewBox=\"0 0 512 512\" enable-background=\"new 0 0 512 512\" xml:space=\"preserve\">\n\t\t\t\t\t<path d=\"M460.355,421.59L353.844,315.078c20.041-27.553,31.885-61.437,31.885-98.037\n\t\t\t\t\t\tC385.729,124.934,310.793,50,218.686,50C126.58,50,51.645,124.934,51.645,217.041c0,92.106,74.936,167.041,167.041,167.041\n\t\t\t\t\t\tc34.912,0,67.352-10.773,94.184-29.158L419.945,462L460.355,421.59z M100.631,217.041c0-65.096,52.959-118.056,118.055-118.056\n\t\t\t\t\t\tc65.098,0,118.057,52.959,118.057,118.056c0,65.096-52.959,118.056-118.057,118.056C153.59,335.097,100.631,282.137,100.631,217.041\n\t\t\t\t\t\tz\"\/>\n\t\t\t\t<\/svg>\n\t\t<\/span>\n\t<\/button>\n\n\t\n\t\n\t<div class='proloading'>\n\n\t\t<div class=\"asl_loader\"><div class=\"asl_loader-inner asl_simple-circle\"><\/div><\/div>\n\n\t\t\t<\/div>\n\n\t\t\t<div class='proclose'>\n\t\t\t<svg version=\"1.1\" xmlns=\"http:\/\/www.w3.org\/2000\/svg\" xmlns:xlink=\"http:\/\/www.w3.org\/1999\/xlink\" x=\"0px\"\n\t\t\t\ty=\"0px\"\n\t\t\t\twidth=\"12\" height=\"12\" viewBox=\"0 0 512 512\" enable-background=\"new 0 0 512 512\"\n\t\t\t\txml:space=\"preserve\">\n\t\t\t\t<polygon points=\"438.393,374.595 319.757,255.977 438.378,137.348 374.595,73.607 255.995,192.225 137.375,73.622 73.607,137.352 192.246,255.983 73.622,374.625 137.352,438.393 256.002,319.734 374.652,438.378 \"\/>\n\t\t\t<\/svg>\n\t\t<\/div>\n\t\n\t\n<\/div>\t<\/div>\n\t<div class='asl_data_container' style=\"display:none !important;\">\n\t\t<div class=\"asl_init_data wpdreams_asl_data_ct\"\n\tstyle=\"display:none !important;\"\n\tid=\"asl_init_id_1\"\n\tdata-asl-id=\"1\"\n\tdata-asl-instance=\"1\"\n\tdata-settings=\"{&quot;homeurl&quot;:&quot;https:\\\/\\\/buscandounacuerdo.com\\\/co\\\/&quot;,&quot;resultstype&quot;:&quot;vertical&quot;,&quot;resultsposition&quot;:&quot;hover&quot;,&quot;itemscount&quot;:4,&quot;charcount&quot;:0,&quot;highlight&quot;:true,&quot;highlightWholewords&quot;:true,&quot;singleHighlight&quot;:false,&quot;scrollToResults&quot;:{&quot;enabled&quot;:false,&quot;offset&quot;:0},&quot;resultareaclickable&quot;:1,&quot;autocomplete&quot;:{&quot;enabled&quot;:false,&quot;lang&quot;:&quot;es&quot;,&quot;trigger_charcount&quot;:0},&quot;mobile&quot;:{&quot;menu_selector&quot;:&quot;#menu-toggle&quot;},&quot;trigger&quot;:{&quot;click&quot;:&quot;first_result&quot;,&quot;click_location&quot;:&quot;same&quot;,&quot;update_href&quot;:true,&quot;return&quot;:&quot;nothing&quot;,&quot;return_location&quot;:&quot;same&quot;,&quot;facet&quot;:true,&quot;type&quot;:true,&quot;redirect_url&quot;:&quot;?s={phrase}&quot;,&quot;delay&quot;:300},&quot;animations&quot;:{&quot;pc&quot;:{&quot;settings&quot;:{&quot;anim&quot;:&quot;fadedrop&quot;,&quot;dur&quot;:300},&quot;results&quot;:{&quot;anim&quot;:&quot;fadedrop&quot;,&quot;dur&quot;:300},&quot;items&quot;:&quot;voidanim&quot;},&quot;mob&quot;:{&quot;settings&quot;:{&quot;anim&quot;:&quot;fadedrop&quot;,&quot;dur&quot;:300},&quot;results&quot;:{&quot;anim&quot;:&quot;fadedrop&quot;,&quot;dur&quot;:300},&quot;items&quot;:&quot;voidanim&quot;}},&quot;autop&quot;:{&quot;state&quot;:true,&quot;phrase&quot;:&quot;&quot;,&quot;count&quot;:&quot;1&quot;},&quot;resPage&quot;:{&quot;useAjax&quot;:false,&quot;selector&quot;:&quot;#main&quot;,&quot;trigger_type&quot;:false,&quot;trigger_facet&quot;:false,&quot;trigger_magnifier&quot;:false,&quot;trigger_return&quot;:false},&quot;resultsSnapTo&quot;:&quot;left&quot;,&quot;results&quot;:{&quot;width&quot;:&quot;auto&quot;,&quot;width_tablet&quot;:&quot;auto&quot;,&quot;width_phone&quot;:&quot;auto&quot;},&quot;settingsimagepos&quot;:&quot;right&quot;,&quot;closeOnDocClick&quot;:true,&quot;overridewpdefault&quot;:true,&quot;override_method&quot;:&quot;get&quot;}\"><\/div>\n\t<div id=\"asl_hidden_data\">\n\t\t<svg style=\"position:absolute\" height=\"0\" width=\"0\">\n\t\t\t<filter id=\"aslblur\">\n\t\t\t\t<feGaussianBlur in=\"SourceGraphic\" stdDeviation=\"4\"\/>\n\t\t\t<\/filter>\n\t\t<\/svg>\n\t\t<svg style=\"position:absolute\" height=\"0\" width=\"0\">\n\t\t\t<filter id=\"no_aslblur\"><\/filter>\n\t\t<\/svg>\n\t<\/div>\n\t<\/div>\n\n\t<div id='ajaxsearchliteres1'\n\tclass='vertical wpdreams_asl_results asl_w asl_r asl_r_1 asl_r_1_1'>\n\n\t\n\t<div class=\"results\">\n\n\t\t\n\t\t<div class=\"resdrg\">\n\t\t<\/div>\n\n\t\t\n\t<\/div>\n\n\t\n\t\n<\/div>\n\n\t<div id='__original__ajaxsearchlitesettings1'\n\t\tdata-id=\"1\"\n\t\tclass=\"searchsettings wpdreams_asl_settings asl_w asl_s asl_s_1\">\n\t\t<form name='options'\n\t\taria-label=\"Search settings form\"\n\t\tautocomplete = 'off'>\n\n\t\n\t\n\t<input type=\"hidden\" name=\"filters_changed\" style=\"display:none;\" value=\"0\">\n\t<input type=\"hidden\" name=\"filters_initial\" style=\"display:none;\" value=\"1\">\n\n\t<div class=\"asl_option_inner hiddend\">\n\t\t<input type='hidden' name='qtranslate_lang' id='qtranslate_lang'\n\t\t\t\tvalue='0'\/>\n\t<\/div>\n\n\t\n\t\n\t<fieldset class=\"asl_sett_scroll\">\n\t\t<legend style=\"display: none;\">Generic selectors<\/legend>\n\t\t<div class=\"asl_option hiddend\" tabindex=\"0\">\n\t\t\t<div class=\"asl_option_inner\">\n\t\t\t\t<input type=\"checkbox\" value=\"exact\"\n\t\t\t\t\t\taria-label=\"Exact matches only\"\n\t\t\t\t\t\tname=\"asl_gen[]\"  checked=\"checked\"\/>\n\t\t\t\t<div class=\"asl_option_checkbox\"><\/div>\n\t\t\t<\/div>\n\t\t\t<div class=\"asl_option_label\">\n\t\t\t\tExact matches only\t\t\t<\/div>\n\t\t<\/div>\n\t\t<div class=\"asl_option\" tabindex=\"0\">\n\t\t\t<div class=\"asl_option_inner\">\n\t\t\t\t<input type=\"checkbox\" value=\"title\"\n\t\t\t\t\t\taria-label=\"Search in title\"\n\t\t\t\t\t\tname=\"asl_gen[]\"  checked=\"checked\"\/>\n\t\t\t\t<div class=\"asl_option_checkbox\"><\/div>\n\t\t\t<\/div>\n\t\t\t<div class=\"asl_option_label\">\n\t\t\t\tSearch in title\t\t\t<\/div>\n\t\t<\/div>\n\t\t<div class=\"asl_option hiddend\" tabindex=\"0\">\n\t\t\t<div class=\"asl_option_inner\">\n\t\t\t\t<input type=\"checkbox\" value=\"content\"\n\t\t\t\t\t\taria-label=\"Search in content\"\n\t\t\t\t\t\tname=\"asl_gen[]\" \/>\n\t\t\t\t<div class=\"asl_option_checkbox\"><\/div>\n\t\t\t<\/div>\n\t\t\t<div class=\"asl_option_label\">\n\t\t\t\tSearch in content\t\t\t<\/div>\n\t\t<\/div>\n\t\t<div class=\"asl_option_inner hiddend\">\n\t\t\t<input type=\"checkbox\" value=\"excerpt\"\n\t\t\t\t\taria-label=\"Search in excerpt\"\n\t\t\t\t\tname=\"asl_gen[]\" \/>\n\t\t\t<div class=\"asl_option_checkbox\"><\/div>\n\t\t<\/div>\n\t<\/fieldset>\n\t<fieldset class=\"asl_sett_scroll\">\n\t\t<legend style=\"display: none;\">Post Type Selectors<\/legend>\n\t\t\t\t\t<div class=\"asl_option\" tabindex=\"0\">\n\t\t\t\t<div class=\"asl_option_inner\">\n\t\t\t\t\t<input type=\"checkbox\" value=\"page\"\n\t\t\t\t\t\t\taria-label=\"page\"\n\t\t\t\t\t\t\tname=\"customset[]\" checked=\"checked\"\/>\n\t\t\t\t\t<div class=\"asl_option_checkbox\"><\/div>\n\t\t\t\t<\/div>\n\t\t\t\t<div class=\"asl_option_label\">\n\t\t\t\t\tpage\t\t\t\t<\/div>\n\t\t\t<\/div>\n\t\t\t\t<\/fieldset>\n\t<\/form>\n\t<\/div>\n<\/div>\n\t\t\t\t<\/div>\n\t\t\t\t<\/div>\n\t\t\t\t<div class=\"elementor-element elementor-element-ed96c8b elementor-widget elementor-widget-heading\" data-id=\"ed96c8b\" data-element_type=\"widget\" data-e-type=\"widget\" data-widget_type=\"heading.default\">\n\t\t\t\t<div class=\"elementor-widget-container\">\n\t\t\t\t\t<h1 class=\"elementor-heading-title elementor-size-default\">Escorts y putas prepagos en Antonio Nari\u00f1o (Bogot\u00e1)<\/h1>\t\t\t\t<\/div>\n\t\t\t\t<\/div>\n\t\t\t\t<div class=\"elementor-element elementor-element-739cf058 elementor-widget elementor-widget-html\" data-id=\"739cf058\" data-element_type=\"widget\" data-e-type=\"widget\" data-widget_type=\"html.default\">\n\t\t\t\t<div class=\"elementor-widget-container\">\n\t\t\t\t\t<nav aria-label=\"breadcrumbs\" class=\"rank-math-breadcrumb\"><p><span class=\"last\">Home<\/span><\/p><\/nav>\t\t\t\t<\/div>\n\t\t\t\t<\/div>\n\t\t\t\t<div class=\"elementor-element elementor-element-4d04411c elementor-widget elementor-widget-custom-models-carousel-widget\" data-id=\"4d04411c\" data-element_type=\"widget\" data-e-type=\"widget\" data-widget_type=\"custom-models-carousel-widget.default\">\n\t\t\t\t<div class=\"elementor-widget-container\">\n\t\t\t\t\t<div id=\"carousel-models-4d04411c\" class=\"carousel-models\">\n\t\t\t <\/div>\n        <script type=\"text\/javascript\">\n            \/\/ Initialize the Slick Carousel\n            jQuery(document).ready(function ($) {\n\t\t\t\t\t\t\t\t\t\t\t\t\tvar modelColumns = 4;\n                $('#carousel-models-4d04411c').slick({\n                    dots: false,\n                    infinite: true,\n                    speed: 300,\n                    slidesToShow: modelColumns,\n                    slidesToScroll: 2,\n                    autoplay: true,\n                    autoplaySpeed: 4000,\n\t\t\t\t\t\t\t\t\t  lazyLoad: 'ondemand',\n                    responsive: [\n                        {\n                            breakpoint: 1024,\n                            settings: {\n                                slidesToShow: 3,\n                                slidesToScroll: 1,\n                                infinite: true,\n                                dots: false\n                            }\n                        },\n                        {\n                            breakpoint: 600,\n                            settings: {\n                                slidesToShow: 2,\n                                slidesToScroll: 1,\n\t\t\t\t\t\t\t\t\t\t\t\t\t\t\t\tdots: false\n                            }\n                        },\n                        {\n                            breakpoint: 480,\n                            settings: {\n                                slidesToShow: 2,\n                                slidesToScroll: 1,\n\t\t\t\t\t\t\t\t\t\t\t\t\t\t\t\tdots: false\n                            }\n                        }\n                    ]\n                });\n            });\n        <\/script>\n    \t\t\t\t<\/div>\n\t\t\t\t<\/div>\n\t\t\t\t<\/div>\n\t\t\t\t<div class=\"elementor-element elementor-element-5329d2c elementor-widget elementor-widget-custom-models-widget\" data-id=\"5329d2c\" data-element_type=\"widget\" data-e-type=\"widget\" data-widget_type=\"custom-models-widget.default\">\n\t\t\t\t<div class=\"elementor-widget-container\">\n\t\t\t\t\t<div class=\"escorts-grid\" style=\"flex: 0 0 calc((100% - (4 * 15px)) \/ 4);\">\n\t\t\t<\/div>\n\t\t\t\t\t<\/div>\n\t\t\t\t<\/div>\n\t\t<div class=\"elementor-element elementor-element-a6b753e e-con-full e-flex e-con e-child\" data-id=\"a6b753e\" data-element_type=\"container\" data-e-type=\"container\">\n\t\t\t\t<\/div>\n\t\t<div class=\"elementor-element elementor-element-6d98bbe2 e-con-full e-flex e-con e-child\" data-id=\"6d98bbe2\" data-element_type=\"container\" data-e-type=\"container\">\n\t\t\t\t<div class=\"elementor-element elementor-element-33e3b09e elementor-widget elementor-widget-html\" data-id=\"33e3b09e\" data-element_type=\"widget\" data-e-type=\"widget\" data-widget_type=\"html.default\">\n\t\t\t\t<div class=\"elementor-widget-container\">\n\t\t\t\t\t[elementor-template id=\"38554\"]\t\t\t\t<\/div>\n\t\t\t\t<\/div>\n\t\t\t\t<\/div>\n\t\t\t\t<div class=\"elementor-element elementor-element-7d229d8c elementor-widget elementor-widget-spacer\" data-id=\"7d229d8c\" data-element_type=\"widget\" data-e-type=\"widget\" data-widget_type=\"spacer.default\">\n\t\t\t\t<div class=\"elementor-widget-container\">\n\t\t\t\t\t\t\t<div class=\"elementor-spacer\">\n\t\t\t<div class=\"elementor-spacer-inner\"><\/div>\n\t\t<\/div>\n\t\t\t\t\t\t<\/div>\n\t\t\t\t<\/div>\n\t\t\t\t\t<\/div>\n\t\t\t\t<\/div>\n\t\t<div class=\"elementor-element elementor-element-3b6c1c6f e-con-full e-flex e-con e-parent\" data-id=\"3b6c1c6f\" data-element_type=\"container\" data-e-type=\"container\" data-settings=\"{&quot;background_background&quot;:&quot;classic&quot;}\">\n\t\t<div class=\"elementor-element elementor-element-24c95fdb e-con-full e-flex e-con e-child\" data-id=\"24c95fdb\" data-element_type=\"container\" data-e-type=\"container\">\n\t\t\t\t<div class=\"elementor-element elementor-element-241a6d7c elementor-widget elementor-widget-heading\" data-id=\"241a6d7c\" data-element_type=\"widget\" data-e-type=\"widget\" data-widget_type=\"heading.default\">\n\t\t\t\t<div class=\"elementor-widget-container\">\n\t\t\t\t\t<h2 class=\"elementor-heading-title elementor-size-default\">Putas en Antonio Nari\u00f1o<\/h2>\t\t\t\t<\/div>\n\t\t\t\t<\/div>\n\t\t\t\t<\/div>\n\t\t<div class=\"elementor-element elementor-element-3792c618 e-con-full e-flex e-con e-child\" data-id=\"3792c618\" data-element_type=\"container\" data-e-type=\"container\">\n\t\t\t\t<div class=\"elementor-element elementor-element-5087b690 elementor-widget elementor-widget-testimonials-carousel\" data-id=\"5087b690\" data-element_type=\"widget\" data-e-type=\"widget\" data-widget_type=\"testimonials-carousel.default\">\n\t\t\t\t<div class=\"elementor-widget-container\">\n\t\t\t\t\t<div class=\"swiper-container escorts-testimonials-carousel\"><div class=\"swiper-wrapper\"><div class=\"swiper-slide testimonial-item\" style=\"text-align: center;padding: 100px 60px;\"><h3 class=\"testimonial-title\">Escorts en Antonio Nari\u00f1o<\/h3><p class=\"testimonial-content\">Antonio Nari\u00f1o ciudad de impresionantes prepagos que logran satisfacer las m\u00e1s t\u00f3rridas fantas\u00edas sexuales de turistas y locales.<\/p><h3 class=\"testimonial-name\">Admin<\/h3><\/div><div class=\"swiper-slide testimonial-item\" style=\"text-align: center;padding: 100px 60px;\"><h3 class=\"testimonial-title\">Colombia para el sexo con las escorts m\u00e1s inolvidables<\/h3><p class=\"testimonial-content\">Buscando un acuerdo es una red social formada por personas que quieren compartir con otras una actividad que prefieren no hacer a solas.\n Antonio Nari\u00f1o, cuna de adorables prepagos de putas conocedoras de las artes amatorias y escorts con habilidades para dar y disfrutar del sexo.<\/p><h3 class=\"testimonial-name\">Admin<\/h3><\/div><div class=\"swiper-slide testimonial-item\" style=\"text-align: center;padding: 100px 60px;\"><h3 class=\"testimonial-title\">La mejor colecci\u00f3n de putas en Antonio Nari\u00f1o<\/h3><p class=\"testimonial-content\">La gran variedad de escorts que puedes hallar a diario \"Buscando un Acuerdo\" convierte a esta galer\u00eda en la gu\u00eda er\u00f3tica ideal para satisfacer cualquier tipo de fantas\u00eda sexual que tengas en mente. <\/p><h3 class=\"testimonial-name\">Admin<\/h3><\/div><div class=\"swiper-slide testimonial-item\" style=\"text-align: center;padding: 100px 60px;\"><h3 class=\"testimonial-title\">Sexo en Antonio Nari\u00f1o<\/h3><p class=\"testimonial-content\">Quieres ver como dos prepagos que han ido a tu hotel se reparten las tareas: una te empieza a dar besos apasionados mientras la otra te hace el mejor sexo oral de tu vida. Un r\u00e1pido intercambio de papeles por parte de estas dos putas, antes de que una de ellas te suplique que s\u00f3lo quedar\u00e1 satisfecha con un profundo anal..<\/p><h3 class=\"testimonial-name\">Admin<\/h3><\/div><div class=\"swiper-slide testimonial-item\" style=\"text-align: center;padding: 100px 60px;\"><h3 class=\"testimonial-title\">Prepagos en Antonio Nari\u00f1o - Bogot\u00e1 - Colombia<\/h3><p class=\"testimonial-content\">Colombia, un pa\u00eds que palpita al comp\u00e1s de su fascinante cultura y, por supuesto, en sus preciosas escorts dispuestas a hacerte pasar el mejor de los ratos.<\/p><h3 class=\"testimonial-name\">Admin<\/h3><\/div><div class=\"swiper-slide testimonial-item\" style=\"text-align: center;padding: 100px 60px;\"><h3 class=\"testimonial-title\">Buscando un acuerdo en Colombia<\/h3><p class=\"testimonial-content\">Una gu\u00eda sexual que se encarga de reunir las mejores prepagos de Antonio Nari\u00f1o, todas con una infinita pasi\u00f3n por dar el m\u00e1ximo placer a hombres como t\u00fa.<\/p><h3 class=\"testimonial-name\">Admin<\/h3><\/div><\/div><div class=\"swiper-button-next\"><\/div><div class=\"swiper-button-prev\"><\/div><\/div>\t<script>\n\t\tjQuery(document).ready(function ($) {\n\t\t\tvar swiper = new Swiper('.escorts-testimonials-carousel', {\n\t\t\t\tnavigation: {\n\t\t\t\t\tnextEl: '.swiper-button-next', \n\t\t\t\t\tprevEl: '.swiper-button-prev', \n\t\t\t\t}, \n\t\t\t\t\n\t\t\t\tautoplay: {\n        delay: 5000,\n        disableOnInteraction: false,\n    },\n\t\t\t\t\n\t\t\t\tloop: true, \n\t\t\t\t\n\t\t\t});\n\t\t\t\n\t\t\t\/\/ Pause on hover\n    $('.escorts-testimonials-carousel').hover(function(){\n        swiper.autoplay.stop();\n    }, function(){\n        swiper.autoplay.start();\n    });\n\t\t\t\n\t\t});\n\t<\/script>\n\t\t\t\t\t<\/div>\n\t\t\t\t<\/div>\n\t\t\t\t<\/div>\n\t\t\t\t<\/div>\n\t\t<div class=\"elementor-element elementor-element-40b5af22 e-flex e-con-boxed e-con e-parent\" data-id=\"40b5af22\" data-element_type=\"container\" data-e-type=\"container\" data-settings=\"{&quot;background_background&quot;:&quot;classic&quot;}\">\n\t\t\t\t\t<div class=\"e-con-inner\">\n\t\t<div class=\"elementor-element elementor-element-5798d3c2 e-con-full e-flex e-con e-child\" data-id=\"5798d3c2\" data-element_type=\"container\" data-e-type=\"container\">\n\t\t\t\t<div class=\"elementor-element elementor-element-1395c89a elementor-widget elementor-widget-image\" data-id=\"1395c89a\" data-element_type=\"widget\" data-e-type=\"widget\" data-widget_type=\"image.default\">\n\t\t\t\t<div class=\"elementor-widget-container\">\n\t\t\t\t\t\t\t\t\t\t\t\t\t\t\t<img fetchpriority=\"high\" decoding=\"async\" width=\"600\" height=\"600\" src=\"https:\/\/buscandounacuerdo.com\/co\/wp-content\/uploads\/2023\/05\/img3.webp\" class=\"attachment-large size-large wp-image-36257\" alt=\"Escorts y putas prepago en Colombia\" srcset=\"https:\/\/buscandounacuerdo.com\/co\/wp-content\/uploads\/2023\/05\/img3.webp 600w, https:\/\/buscandounacuerdo.com\/co\/wp-content\/uploads\/2023\/05\/img3-300x300.webp 300w, https:\/\/buscandounacuerdo.com\/co\/wp-content\/uploads\/2023\/05\/img3-150x150.webp 150w\" sizes=\"(max-width: 600px) 100vw, 600px\" \/>\t\t\t\t\t\t\t\t\t\t\t\t\t\t\t<\/div>\n\t\t\t\t<\/div>\n\t\t\t\t<\/div>\n\t\t<div class=\"elementor-element elementor-element-652b4385 e-con-full e-flex e-con e-child\" data-id=\"652b4385\" data-element_type=\"container\" data-e-type=\"container\">\n\t\t\t\t<div class=\"elementor-element elementor-element-59f898b1 elementor-widget elementor-widget-heading\" data-id=\"59f898b1\" data-element_type=\"widget\" data-e-type=\"widget\" data-widget_type=\"heading.default\">\n\t\t\t\t<div class=\"elementor-widget-container\">\n\t\t\t\t\t<h2 class=\"elementor-heading-title elementor-size-default\">C\u00f3mplices de tus aventuras<\/h2>\t\t\t\t<\/div>\n\t\t\t\t<\/div>\n\t\t\t\t<div class=\"elementor-element elementor-element-7f049c50 elementor-widget elementor-widget-heading\" data-id=\"7f049c50\" data-element_type=\"widget\" data-e-type=\"widget\" data-widget_type=\"heading.default\">\n\t\t\t\t<div class=\"elementor-widget-container\">\n\t\t\t\t\t<h3 class=\"elementor-heading-title elementor-size-default\">Buscando un acuerdo re\u00fane el \nmejor catalogo de\n escorts y putas en Antonio Nari\u00f1o<\/h3>\t\t\t\t<\/div>\n\t\t\t\t<\/div>\n\t\t\t\t<div class=\"elementor-element elementor-element-1cbc4601 elementor-list-item-link-full_width elementor-widget elementor-widget-icon-list\" data-id=\"1cbc4601\" data-element_type=\"widget\" data-e-type=\"widget\" data-widget_type=\"icon-list.default\">\n\t\t\t\t<div class=\"elementor-widget-container\">\n\t\t\t\t\t\t\t<ul class=\"elementor-icon-list-items\">\n\t\t\t\t\t\t\t<li class=\"elementor-icon-list-item\">\n\t\t\t\t\t\t\t\t\t\t\t<span class=\"elementor-icon-list-icon\">\n\t\t\t\t\t\t\t<i aria-hidden=\"true\" class=\"fas fa-check\"><\/i>\t\t\t\t\t\t<\/span>\n\t\t\t\t\t\t\t\t\t\t<span class=\"elementor-icon-list-text\">Fotos verificadas<\/span>\n\t\t\t\t\t\t\t\t\t<\/li>\n\t\t\t\t\t\t\t\t<li class=\"elementor-icon-list-item\">\n\t\t\t\t\t\t\t\t\t\t\t<span class=\"elementor-icon-list-icon\">\n\t\t\t\t\t\t\t<i aria-hidden=\"true\" class=\"fas fa-check\"><\/i>\t\t\t\t\t\t<\/span>\n\t\t\t\t\t\t\t\t\t\t<span class=\"elementor-icon-list-text\">Videos reales<\/span>\n\t\t\t\t\t\t\t\t\t<\/li>\n\t\t\t\t\t\t\t\t<li class=\"elementor-icon-list-item\">\n\t\t\t\t\t\t\t\t\t\t\t<span class=\"elementor-icon-list-icon\">\n\t\t\t\t\t\t\t<i aria-hidden=\"true\" class=\"fas fa-check\"><\/i>\t\t\t\t\t\t<\/span>\n\t\t\t\t\t\t\t\t\t\t<span class=\"elementor-icon-list-text\">Escorts categorizadas<\/span>\n\t\t\t\t\t\t\t\t\t<\/li>\n\t\t\t\t\t\t\t\t<li class=\"elementor-icon-list-item\">\n\t\t\t\t\t\t\t\t\t\t\t<span class=\"elementor-icon-list-icon\">\n\t\t\t\t\t\t\t<i aria-hidden=\"true\" class=\"fas fa-check\"><\/i>\t\t\t\t\t\t<\/span>\n\t\t\t\t\t\t\t\t\t\t<span class=\"elementor-icon-list-text\">Perfiles activos en Antonio Nari\u00f1o<\/span>\n\t\t\t\t\t\t\t\t\t<\/li>\n\t\t\t\t\t\t\t\t<li class=\"elementor-icon-list-item\">\n\t\t\t\t\t\t\t\t\t\t\t<span class=\"elementor-icon-list-icon\">\n\t\t\t\t\t\t\t<i aria-hidden=\"true\" class=\"fas fa-check\"><\/i>\t\t\t\t\t\t<\/span>\n\t\t\t\t\t\t\t\t\t\t<span class=\"elementor-icon-list-text\">Orden aleatorio<\/span>\n\t\t\t\t\t\t\t\t\t<\/li>\n\t\t\t\t\t\t\t\t<li class=\"elementor-icon-list-item\">\n\t\t\t\t\t\t\t\t\t\t\t<span class=\"elementor-icon-list-icon\">\n\t\t\t\t\t\t\t<i aria-hidden=\"true\" class=\"fas fa-check\"><\/i>\t\t\t\t\t\t<\/span>\n\t\t\t\t\t\t\t\t\t\t<span class=\"elementor-icon-list-text\">Mostrar solo verificadas<\/span>\n\t\t\t\t\t\t\t\t\t<\/li>\n\t\t\t\t\t\t\t\t<li class=\"elementor-icon-list-item\">\n\t\t\t\t\t\t\t\t\t\t\t<span class=\"elementor-icon-list-icon\">\n\t\t\t\t\t\t\t<i aria-hidden=\"true\" class=\"fas fa-check\"><\/i>\t\t\t\t\t\t<\/span>\n\t\t\t\t\t\t\t\t\t\t<span class=\"elementor-icon-list-text\">Mostrar solo perfiles con videos<\/span>\n\t\t\t\t\t\t\t\t\t<\/li>\n\t\t\t\t\t\t<\/ul>\n\t\t\t\t\t\t<\/div>\n\t\t\t\t<\/div>\n\t\t\t\t<\/div>\n\t\t\t\t\t<\/div>\n\t\t\t\t<\/div>\n\t\t\t\t<\/div>\n\t\t","protected":false},"excerpt":{"rendered":"<p>Escorts y putas prepagos en Antonio Nari\u00f1o (Bogot\u00e1) [elementor-template id=&#8221;38554&#8243;] Putas en Antonio Nari\u00f1o Escorts en Antonio Nari\u00f1o Antonio Nari\u00f1o ciudad de impresionantes prepagos que logran satisfacer las m\u00e1s t\u00f3rridas fantas\u00edas sexuales de turistas y locales. Admin Colombia para el sexo con las escorts m\u00e1s inolvidables Buscando un acuerdo es una red social formada por [&hellip;]<\/p>\n","protected":false},"author":6,"featured_media":0,"parent":38929,"menu_order":4,"comment_status":"closed","ping_status":"closed","template":"elementor_header_footer","meta":{"footnotes":""},"class_list":["post-39481","page","type-page","status-publish","hentry"],"acf":[],"_links":{"self":[{"href":"https:\/\/buscandounacuerdo.com\/co\/wp-json\/wp\/v2\/pages\/39481","targetHints":{"allow":["GET"]}}],"collection":[{"href":"https:\/\/buscandounacuerdo.com\/co\/wp-json\/wp\/v2\/pages"}],"about":[{"href":"https:\/\/buscandounacuerdo.com\/co\/wp-json\/wp\/v2\/types\/page"}],"author":[{"embeddable":true,"href":"https:\/\/buscandounacuerdo.com\/co\/wp-json\/wp\/v2\/users\/6"}],"replies":[{"embeddable":true,"href":"https:\/\/buscandounacuerdo.com\/co\/wp-json\/wp\/v2\/comments?post=39481"}],"version-history":[{"count":13,"href":"https:\/\/buscandounacuerdo.com\/co\/wp-json\/wp\/v2\/pages\/39481\/revisions"}],"predecessor-version":[{"id":39495,"href":"https:\/\/buscandounacuerdo.com\/co\/wp-json\/wp\/v2\/pages\/39481\/revisions\/39495"}],"up":[{"embeddable":true,"href":"https:\/\/buscandounacuerdo.com\/co\/wp-json\/wp\/v2\/pages\/38929"}],"wp:attachment":[{"href":"https:\/\/buscandounacuerdo.com\/co\/wp-json\/wp\/v2\/media?parent=39481"}],"curies":[{"name":"wp","href":"https:\/\/api.w.org\/{rel}","templated":true}]}}